{"id":17,"date":"2009-02-20T21:00:18","date_gmt":"2009-02-20T20:00:18","guid":{"rendered":"http:\/\/joerg-seyfried.de\/wp\/?page_id=17"},"modified":"2021-02-09T19:39:05","modified_gmt":"2021-02-09T18:39:05","slug":"willkommen","status":"publish","type":"page","link":"https:\/\/www.joerg-seyfried.de\/alt\/","title":{"rendered":"Willkommen\u2026"},"content":{"rendered":"<p><!--:de-->\u2026auf meiner Homepage. Hier hat sich lange nichts getan &#8211; das ist jetzt meine neue Homepage. Nicht mehr blau, und ein bisschen mehr als nur ein paar Links auf unsere gemeinsame Homepage (die man nach wie vor <a title=\"unsere gemeinsame Homepage\" href=\"http:\/\/joerg-seyfried.de\/wp\/ueber-mich\/\" target=\"_self\" rel=\"noopener\"><strong>hier<\/strong><\/a> findet). Hier werde ich gelegentlich alles m\u00f6gliche posten &#8211; Fundsachen aus dem Netz, Berichte \u00fcber meine Hobbys, so dies und das eben. Die Seite mag \u00c4hnlichkeiten mit einem Blog haben &#8211; ich w\u00fcrde aber nicht so weit gehen, sie \u201eBlog\u201c zu nennen; das w\u00fcrde sicher nur die Erwartung auf viele Inhalte, m\u00f6glicherweise beinahe t\u00e4glich aktualisiert, wecken. Das m\u00f6chte ich nicht &#8211; es wird hier nur gelegentliche Updates geben. Aber trotzdem: viel Spa\u00df beim Schm\u00f6kern!<\/p>\n<p>Einfach eine der Kategorien auf der rechten Seite ausw\u00e4hlen und loslesen!<!--:--><!--:en--><!--:--><\/p>\n","protected":false},"excerpt":{"rendered":"<p>\u2026auf meiner Homepage. Hier hat sich lange nichts getan &#8211; das ist jetzt meine neue Homepage. Nicht mehr blau, und ein bisschen mehr als nur ein paar Links auf unsere gemeinsame Homepage (die man nach wie vor hier findet). Hier werde ich gelegentlich alles m\u00f6gliche posten &#8211; Fundsachen aus dem Netz, Berichte \u00fcber meine Hobbys, [&hellip;]<\/p>\n","protected":false},"author":2,"featured_media":0,"parent":0,"menu_order":0,"comment_status":"closed","ping_status":"closed","template":"","meta":{"ngg_post_thumbnail":0,"footnotes":""},"class_list":["post-17","page","type-page","status-publish","hentry"],"_links":{"self":[{"href":"https:\/\/www.joerg-seyfried.de\/alt\/wp-json\/wp\/v2\/pages\/17","targetHints":{"allow":["GET"]}}],"collection":[{"href":"https:\/\/www.joerg-seyfried.de\/alt\/wp-json\/wp\/v2\/pages"}],"about":[{"href":"https:\/\/www.joerg-seyfried.de\/alt\/wp-json\/wp\/v2\/types\/page"}],"author":[{"embeddable":true,"href":"https:\/\/www.joerg-seyfried.de\/alt\/wp-json\/wp\/v2\/users\/2"}],"replies":[{"embeddable":true,"href":"https:\/\/www.joerg-seyfried.de\/alt\/wp-json\/wp\/v2\/comments?post=17"}],"version-history":[{"count":11,"href":"https:\/\/www.joerg-seyfried.de\/alt\/wp-json\/wp\/v2\/pages\/17\/revisions"}],"predecessor-version":[{"id":560,"href":"https:\/\/www.joerg-seyfried.de\/alt\/wp-json\/wp\/v2\/pages\/17\/revisions\/560"}],"wp:attachment":[{"href":"https:\/\/www.joerg-seyfried.de\/alt\/wp-json\/wp\/v2\/media?parent=17"}],"curies":[{"name":"wp","href":"https:\/\/api.w.org\/{rel}","templated":true}]}}